{"id":10,"date":"2014-04-10T12:26:06","date_gmt":"2014-04-10T10:26:06","guid":{"rendered":"http:\/\/www.urbar-obp.sk\/?page_id=10"},"modified":"2026-01-05T08:54:28","modified_gmt":"2026-01-05T07:54:28","slug":"aktualny-cennik","status":"publish","type":"page","link":"https:\/\/www.urbar-obp.sk\/?page_id=10","title":{"rendered":"Cenn\u00edk reziva"},"content":{"rendered":"<h2><span style=\"color: #ff0000;\"><strong>Aktu\u00e1lny cenn\u00edk<\/strong><\/span><\/h2>\n<p><a href=\"https:\/\/www.urbar-obp.sk\/wp-content\/uploads\/2026\/01\/CENNIK-01-01-2026-3.pdf\"><strong>Cenn\u00edk reziva ku 1.1.2026<\/strong><\/a><\/p>\n<p>&nbsp;<\/p>\n<h2><span style=\"color: #ff0000;\"><strong>Kontakt:<\/strong><\/span><\/h2>\n<h3><strong>0903 619 716,&nbsp; &nbsp;0902 688 302<br \/>\n<\/strong><strong>urbarobp@bsk.sk<\/strong><\/h3>\n<p>&nbsp;<\/p>\n<h2><span style=\"color: #ff0000;\"><strong>Administrat\u00edvny poplatok<\/strong><\/span><\/h2>\n<p>Pozemkov\u00e9 spolo\u010denstvo b\u00fdval\u00fdch urbarialistov obce Oravsk\u00fd Biely Potok stanovuje nasledovn\u00fd administrat\u00edvny poplatok:<br \/>\n<strong>0,50 \u20ac<\/strong> za jednu stranu<strong> A4<\/strong> kop\u00edrovan\u00e9ho dokumentu<\/p>\n","protected":false},"excerpt":{"rendered":"<p>Aktu\u00e1lny cenn\u00edk Cenn\u00edk reziva ku 1.1.2026 &nbsp; Kontakt: 0903 619 716,&nbsp; &nbsp;0902 688 302 urbarobp@bsk.sk &nbsp; Administrat\u00edvny poplatok Pozemkov\u00e9 spolo\u010denstvo b\u00fdval\u00fdch urbarialistov obce Oravsk\u00fd Biely Potok stanovuje nasledovn\u00fd administrat\u00edvny poplatok: 0,50 \u20ac za jednu stranu A4 kop\u00edrovan\u00e9ho dokumentu<\/p>\n","protected":false},"author":1,"featured_media":0,"parent":0,"menu_order":3,"comment_status":"closed","ping_status":"closed","template":"","meta":{"ngg_post_thumbnail":0,"footnotes":""},"class_list":["post-10","page","type-page","status-publish","hentry","nodate","item-wrap"],"_links":{"self":[{"href":"https:\/\/www.urbar-obp.sk\/index.php?rest_route=\/wp\/v2\/pages\/10","targetHints":{"allow":["GET"]}}],"collection":[{"href":"https:\/\/www.urbar-obp.sk\/index.php?rest_route=\/wp\/v2\/pages"}],"about":[{"href":"https:\/\/www.urbar-obp.sk\/index.php?rest_route=\/wp\/v2\/types\/page"}],"author":[{"embeddable":true,"href":"https:\/\/www.urbar-obp.sk\/index.php?rest_route=\/wp\/v2\/users\/1"}],"replies":[{"embeddable":true,"href":"https:\/\/www.urbar-obp.sk\/index.php?rest_route=%2Fwp%2Fv2%2Fcomments&post=10"}],"version-history":[{"count":5,"href":"https:\/\/www.urbar-obp.sk\/index.php?rest_route=\/wp\/v2\/pages\/10\/revisions"}],"predecessor-version":[{"id":1963,"href":"https:\/\/www.urbar-obp.sk\/index.php?rest_route=\/wp\/v2\/pages\/10\/revisions\/1963"}],"wp:attachment":[{"href":"https:\/\/www.urbar-obp.sk\/index.php?rest_route=%2Fwp%2Fv2%2Fmedia&parent=10"}],"curies":[{"name":"wp","href":"https:\/\/api.w.org\/{rel}","templated":true}]}}