{"id":1462,"date":"2022-01-26T21:57:32","date_gmt":"2022-01-26T19:57:32","guid":{"rendered":"http:\/\/www.urbar-obp.sk\/?page_id=1462"},"modified":"2022-12-26T21:42:10","modified_gmt":"2022-12-26T19:42:10","slug":"2022-2","status":"publish","type":"page","link":"https:\/\/www.urbar-obp.sk\/?page_id=1462","title":{"rendered":"2022"},"content":{"rendered":"\n<p><a href=\"https:\/\/www.urbar-obp.sk\/wp-content\/uploads\/2022\/02\/Z\u00c1PISNICA-19-1-2022.pdf\">Z\u00c1PISNICA 19-1-2022<\/a><\/p>\n<p><a href=\"https:\/\/www.urbar-obp.sk\/wp-content\/uploads\/2022\/03\/Z\u00c1PISNICA-28-2-2022.pdf\">Z\u00c1PISNICA 28-2-2022<\/a><\/p>\n<p><a href=\"https:\/\/www.urbar-obp.sk\/wp-content\/uploads\/2022\/04\/Z\u00c1PISNICA-30-3-2022.pdf\">Z\u00c1PISNICA 30-3-2022<\/a><\/p>\n<p><a href=\"https:\/\/www.urbar-obp.sk\/wp-content\/uploads\/2022\/05\/Z\u00c1PISNICA-06-5-2022.pdf\">Z\u00c1PISNICA 06-5-2022<\/a><\/p>\n<p><a href=\"https:\/\/www.urbar-obp.sk\/wp-content\/uploads\/2022\/06\/Z\u00c1PISNICA-09-06-2022.pdf\">Z\u00c1PISNICA 09-06-2022<\/a><\/p>\n<p><a href=\"https:\/\/www.urbar-obp.sk\/wp-content\/uploads\/2022\/08\/Z\u00c1PISNICA-22-07-2022.pdf\">Z\u00c1PISNICA 22-07-2022<\/a><\/p>\n<p><a href=\"https:\/\/www.urbar-obp.sk\/wp-content\/uploads\/2022\/09\/Z\u00c1PISNICA-31-08-2022.pdf\">Z\u00c1PISNICA 31-08-2022<\/a><\/p>\n<p><a href=\"https:\/\/www.urbar-obp.sk\/wp-content\/uploads\/2022\/10\/Z\u00c1PISNICA-28-09-2022.pdf\">Z\u00c1PISNICA 28-09-2022<\/a><\/p>\n<p><a href=\"https:\/\/www.urbar-obp.sk\/wp-content\/uploads\/2022\/11\/Z\u00c1PISNICA-23-10-2022.pdf\">Z\u00c1PISNICA 23-10-2022<\/a><\/p>\n<p><a href=\"https:\/\/www.urbar-obp.sk\/wp-content\/uploads\/2022\/11\/Z\u00c1PISNICA-11-11-2022.pdf\">Z\u00c1PISNICA 11-11-2022<\/a><\/p>\n<p><a href=\"https:\/\/www.urbar-obp.sk\/wp-content\/uploads\/2022\/12\/Z\u00c1PISNICA-20-12-2022.pdf\">Z\u00c1PISNICA 20-12-2022<\/a><\/p>\n","protected":false},"excerpt":{"rendered":"<p>Z\u00c1PISNICA 19-1-2022 Z\u00c1PISNICA 28-2-2022 Z\u00c1PISNICA 30-3-2022 Z\u00c1PISNICA 06-5-2022 Z\u00c1PISNICA 09-06-2022 Z\u00c1PISNICA 22-07-2022 Z\u00c1PISNICA 31-08-2022 Z\u00c1PISNICA 28-09-2022 Z\u00c1PISNICA 23-10-2022 Z\u00c1PISNICA 11-11-2022 Z\u00c1PISNICA 20-12-2022<\/p>\n","protected":false},"author":1,"featured_media":0,"parent":395,"menu_order":1,"comment_status":"closed","ping_status":"closed","template":"","meta":{"ngg_post_thumbnail":0,"footnotes":""},"class_list":["post-1462","page","type-page","status-publish","hentry","nodate","item-wrap"],"_links":{"self":[{"href":"https:\/\/www.urbar-obp.sk\/index.php?rest_route=\/wp\/v2\/pages\/1462","targetHints":{"allow":["GET"]}}],"collection":[{"href":"https:\/\/www.urbar-obp.sk\/index.php?rest_route=\/wp\/v2\/pages"}],"about":[{"href":"https:\/\/www.urbar-obp.sk\/index.php?rest_route=\/wp\/v2\/types\/page"}],"author":[{"embeddable":true,"href":"https:\/\/www.urbar-obp.sk\/index.php?rest_route=\/wp\/v2\/users\/1"}],"replies":[{"embeddable":true,"href":"https:\/\/www.urbar-obp.sk\/index.php?rest_route=%2Fwp%2Fv2%2Fcomments&post=1462"}],"version-history":[{"count":0,"href":"https:\/\/www.urbar-obp.sk\/index.php?rest_route=\/wp\/v2\/pages\/1462\/revisions"}],"up":[{"embeddable":true,"href":"https:\/\/www.urbar-obp.sk\/index.php?rest_route=\/wp\/v2\/pages\/395"}],"wp:attachment":[{"href":"https:\/\/www.urbar-obp.sk\/index.php?rest_route=%2Fwp%2Fv2%2Fmedia&parent=1462"}],"curies":[{"name":"wp","href":"https:\/\/api.w.org\/{rel}","templated":true}]}}