{"id":1583,"date":"2022-06-21T20:14:26","date_gmt":"2022-06-21T18:14:26","guid":{"rendered":"http:\/\/www.urbar-obp.sk\/?page_id=1583"},"modified":"2022-09-20T12:07:53","modified_gmt":"2022-09-20T10:07:53","slug":"2022-2","status":"publish","type":"page","link":"https:\/\/www.urbar-obp.sk\/?page_id=1583","title":{"rendered":"2022"},"content":{"rendered":"\n<p><a href=\"https:\/\/www.urbar-obp.sk\/wp-content\/uploads\/2022\/07\/Sprava-predsedu-PS-za-rok-2021.pdf\">Sprava-predsedu-PS-za-rok-2021<\/a><\/p>\n<p><a href=\"https:\/\/www.urbar-obp.sk\/wp-content\/uploads\/2022\/09\/Sprava-DR-rok-2021.pdf\">Sprava-DR-rok-2021<\/a><\/p>\n<p><a href=\"https:\/\/www.urbar-obp.sk\/wp-content\/uploads\/2022\/06\/Sprava-odborneho-lesneho-hospodara-za-rok-2021.pdf\">Sprava odborneho lesneho hospodara za rok 2021<\/a><\/p>\n<p><a href=\"https:\/\/www.urbar-obp.sk\/wp-content\/uploads\/2022\/06\/Finan\u010dn\u00e9-hospod\u00e1renie-za-rok-2021.pdf\">Finan\u010dn\u00e9 hospod\u00e1renie za rok 2021<\/a><\/p>\n<p><a href=\"https:\/\/www.urbar-obp.sk\/wp-content\/uploads\/2022\/08\/Z\u00c1PISNICA-VZ-2022.pdf\">Z\u00c1PISNICA VZ 2022<\/a><\/p>\n<p><a href=\"https:\/\/www.urbar-obp.sk\/wp-content\/uploads\/2022\/08\/Uznesenie-VZ-2022.pdf\">Uznesenie VZ 2022<\/a><\/p>\n","protected":false},"excerpt":{"rendered":"<p>Sprava-predsedu-PS-za-rok-2021 Sprava-DR-rok-2021 Sprava odborneho lesneho hospodara za rok 2021 Finan\u010dn\u00e9 hospod\u00e1renie za rok 2021 Z\u00c1PISNICA VZ 2022 Uznesenie VZ 2022<\/p>\n","protected":false},"author":1,"featured_media":0,"parent":404,"menu_order":10,"comment_status":"closed","ping_status":"closed","template":"","meta":{"ngg_post_thumbnail":0,"footnotes":""},"class_list":["post-1583","page","type-page","status-publish","hentry","nodate","item-wrap"],"_links":{"self":[{"href":"https:\/\/www.urbar-obp.sk\/index.php?rest_route=\/wp\/v2\/pages\/1583","targetHints":{"allow":["GET"]}}],"collection":[{"href":"https:\/\/www.urbar-obp.sk\/index.php?rest_route=\/wp\/v2\/pages"}],"about":[{"href":"https:\/\/www.urbar-obp.sk\/index.php?rest_route=\/wp\/v2\/types\/page"}],"author":[{"embeddable":true,"href":"https:\/\/www.urbar-obp.sk\/index.php?rest_route=\/wp\/v2\/users\/1"}],"replies":[{"embeddable":true,"href":"https:\/\/www.urbar-obp.sk\/index.php?rest_route=%2Fwp%2Fv2%2Fcomments&post=1583"}],"version-history":[{"count":0,"href":"https:\/\/www.urbar-obp.sk\/index.php?rest_route=\/wp\/v2\/pages\/1583\/revisions"}],"up":[{"embeddable":true,"href":"https:\/\/www.urbar-obp.sk\/index.php?rest_route=\/wp\/v2\/pages\/404"}],"wp:attachment":[{"href":"https:\/\/www.urbar-obp.sk\/index.php?rest_route=%2Fwp%2Fv2%2Fmedia&parent=1583"}],"curies":[{"name":"wp","href":"https:\/\/api.w.org\/{rel}","templated":true}]}}