{"id":1746,"date":"2024-03-04T21:11:25","date_gmt":"2024-03-04T19:11:25","guid":{"rendered":"http:\/\/www.urbar-obp.sk\/?page_id=1746"},"modified":"2024-12-15T18:35:56","modified_gmt":"2024-12-15T16:35:56","slug":"2024-2","status":"publish","type":"page","link":"https:\/\/www.urbar-obp.sk\/?page_id=1746","title":{"rendered":"2024"},"content":{"rendered":"\n<p><a href=\"https:\/\/www.urbar-obp.sk\/wp-content\/uploads\/2024\/03\/ZAPISNICA-10-1-2024.pdf\">Z\u00c1PISNICA 10-1-2024<\/a><\/p>\n<p><a href=\"https:\/\/www.urbar-obp.sk\/wp-content\/uploads\/2024\/03\/ZAPISNICA-29-1-2024.pdf\">Z\u00c1PISNICA 29-1-2024<\/a><\/p>\n<p><a href=\"https:\/\/www.urbar-obp.sk\/wp-content\/uploads\/2024\/03\/ZAPISNICA-5-3-2024.pdf\">Z\u00c1PISNICA 5-3-2024<\/a><\/p>\n<p><a href=\"https:\/\/www.urbar-obp.sk\/wp-content\/uploads\/2024\/03\/ZAPISNICA-27-3-2024.pdf\">Z\u00c1PISNICA 27-3-2024<\/a><\/p>\n<p><a href=\"https:\/\/www.urbar-obp.sk\/wp-content\/uploads\/2024\/06\/ZAPISNICA-23-4-2024.pdf\">Z\u00c1PISNICA 23-4-2024<\/a><\/p>\n<p><a href=\"https:\/\/www.urbar-obp.sk\/wp-content\/uploads\/2024\/06\/ZAPISNICA-12-5-2024.pdf\">Z\u00c1PISNICA 12-5-2024<\/a><\/p>\n<p><a href=\"https:\/\/www.urbar-obp.sk\/wp-content\/uploads\/2024\/06\/ZAPISNICA-24-5-2024.pdf\">Z\u00c1PISNICA 24-5-2024<\/a><\/p>\n<p><a href=\"https:\/\/www.urbar-obp.sk\/wp-content\/uploads\/2024\/07\/ZAPISNICA-27-6-2024.pdf\">Z\u00c1PISNICA 27-6-2024<\/a><\/p>\n<p><a href=\"https:\/\/www.urbar-obp.sk\/wp-content\/uploads\/2024\/09\/ZAPISNICA-25-7-2024.pdf\">Z\u00c1PISNICA 25-7-2024<\/a><\/p>\n<p><a href=\"https:\/\/www.urbar-obp.sk\/wp-content\/uploads\/2024\/09\/ZAPISNICA-22-8-2024.pdf\">Z\u00c1PISNICA 22-8-2024<\/a><\/p>\n<p><a href=\"https:\/\/www.urbar-obp.sk\/wp-content\/uploads\/2024\/10\/ZAPISNICA-20-9-2024.pdf\">Z\u00c1PISNICA 20-9-2024<\/a><\/p>\n<p><a href=\"https:\/\/www.urbar-obp.sk\/wp-content\/uploads\/2024\/11\/ZAPISNICA-23-10-2024.pdf\">Z\u00c1PISNICA 23-10-2024<\/a><\/p>\n<p><a href=\"https:\/\/www.urbar-obp.sk\/wp-content\/uploads\/2024\/12\/ZAPISNICA-15-11-2024.pdf\">Z\u00c1PISNICA 15-11-2024<\/a><\/p>\n<p><a href=\"https:\/\/www.urbar-obp.sk\/wp-content\/uploads\/2024\/12\/ZAPISNICA-14-12-2024.pdf\">Z\u00c1PISNICA 14-12-2024<\/a><\/p>\n<p>&nbsp;<\/p>\n\n\n","protected":false},"excerpt":{"rendered":"<p>Z\u00c1PISNICA 10-1-2024 Z\u00c1PISNICA 29-1-2024 Z\u00c1PISNICA 5-3-2024 Z\u00c1PISNICA 27-3-2024 Z\u00c1PISNICA 23-4-2024 Z\u00c1PISNICA 12-5-2024 Z\u00c1PISNICA 24-5-2024 Z\u00c1PISNICA 27-6-2024 Z\u00c1PISNICA 25-7-2024 Z\u00c1PISNICA 22-8-2024 Z\u00c1PISNICA 20-9-2024 Z\u00c1PISNICA 23-10-2024 Z\u00c1PISNICA 15-11-2024 Z\u00c1PISNICA 14-12-2024 &nbsp;<\/p>\n","protected":false},"author":1,"featured_media":0,"parent":395,"menu_order":4,"comment_status":"closed","ping_status":"closed","template":"","meta":{"ngg_post_thumbnail":0,"footnotes":""},"class_list":["post-1746","page","type-page","status-publish","hentry","nodate","item-wrap"],"_links":{"self":[{"href":"https:\/\/www.urbar-obp.sk\/index.php?rest_route=\/wp\/v2\/pages\/1746","targetHints":{"allow":["GET"]}}],"collection":[{"href":"https:\/\/www.urbar-obp.sk\/index.php?rest_route=\/wp\/v2\/pages"}],"about":[{"href":"https:\/\/www.urbar-obp.sk\/index.php?rest_route=\/wp\/v2\/types\/page"}],"author":[{"embeddable":true,"href":"https:\/\/www.urbar-obp.sk\/index.php?rest_route=\/wp\/v2\/users\/1"}],"replies":[{"embeddable":true,"href":"https:\/\/www.urbar-obp.sk\/index.php?rest_route=%2Fwp%2Fv2%2Fcomments&post=1746"}],"version-history":[{"count":7,"href":"https:\/\/www.urbar-obp.sk\/index.php?rest_route=\/wp\/v2\/pages\/1746\/revisions"}],"predecessor-version":[{"id":1842,"href":"https:\/\/www.urbar-obp.sk\/index.php?rest_route=\/wp\/v2\/pages\/1746\/revisions\/1842"}],"up":[{"embeddable":true,"href":"https:\/\/www.urbar-obp.sk\/index.php?rest_route=\/wp\/v2\/pages\/395"}],"wp:attachment":[{"href":"https:\/\/www.urbar-obp.sk\/index.php?rest_route=%2Fwp%2Fv2%2Fmedia&parent=1746"}],"curies":[{"name":"wp","href":"https:\/\/api.w.org\/{rel}","templated":true}]}}