{"id":2,"date":"2014-04-10T08:38:37","date_gmt":"2014-04-10T06:38:37","guid":{"rendered":"http:\/\/www.urbar-obp.sk\/?page_id=2"},"modified":"2022-07-25T10:55:13","modified_gmt":"2022-07-25T08:55:13","slug":"stanovy","status":"publish","type":"page","link":"https:\/\/www.urbar-obp.sk\/?page_id=2","title":{"rendered":"Dokumenty spolo\u010denstva"},"content":{"rendered":"<h3 style=\"text-align: left;\" align=\"center\">&nbsp;<\/h3>\n<h4 style=\"text-align: left;\" align=\"center\"><strong><a href=\"https:\/\/www.urbar-obp.sk\/wp-content\/uploads\/2022\/02\/Zmluva-PS.pdf\">Zmluva pozemkov\u00e9ho spolo\u010denstva<\/a><\/strong><\/h4>\n<h4><strong><span style=\"color: #000000;\"><a href=\"https:\/\/www.urbar-obp.sk\/wp-content\/uploads\/2022\/07\/Stanovy-PS.pdf\">Stanovy pozemkov\u00e9ho spolo\u010denstva<\/a><\/span><\/strong><\/h4>\n<p>&nbsp;<\/p>\n<p><a href=\"https:\/\/www.urbar-obp.sk\/wp-content\/uploads\/2022\/03\/Vzor-ziadosti-uzitkove-drevo.docx\"><strong>Vzor \u017eiadosti &#8211; \u00fa\u017eitkov\u00e9 drevo<\/strong><\/a><\/p>\n\n","protected":false},"excerpt":{"rendered":"<p>&nbsp; Zmluva pozemkov\u00e9ho spolo\u010denstva Stanovy pozemkov\u00e9ho spolo\u010denstva &nbsp; Vzor \u017eiadosti &#8211; \u00fa\u017eitkov\u00e9 drevo<\/p>\n","protected":false},"author":1,"featured_media":0,"parent":0,"menu_order":0,"comment_status":"closed","ping_status":"closed","template":"","meta":{"ngg_post_thumbnail":0,"footnotes":""},"class_list":["post-2","page","type-page","status-publish","hentry","nodate","item-wrap"],"_links":{"self":[{"href":"https:\/\/www.urbar-obp.sk\/index.php?rest_route=\/wp\/v2\/pages\/2","targetHints":{"allow":["GET"]}}],"collection":[{"href":"https:\/\/www.urbar-obp.sk\/index.php?rest_route=\/wp\/v2\/pages"}],"about":[{"href":"https:\/\/www.urbar-obp.sk\/index.php?rest_route=\/wp\/v2\/types\/page"}],"author":[{"embeddable":true,"href":"https:\/\/www.urbar-obp.sk\/index.php?rest_route=\/wp\/v2\/users\/1"}],"replies":[{"embeddable":true,"href":"https:\/\/www.urbar-obp.sk\/index.php?rest_route=%2Fwp%2Fv2%2Fcomments&post=2"}],"version-history":[{"count":0,"href":"https:\/\/www.urbar-obp.sk\/index.php?rest_route=\/wp\/v2\/pages\/2\/revisions"}],"wp:attachment":[{"href":"https:\/\/www.urbar-obp.sk\/index.php?rest_route=%2Fwp%2Fv2%2Fmedia&parent=2"}],"curies":[{"name":"wp","href":"https:\/\/api.w.org\/{rel}","templated":true}]}}