{"id":6,"date":"2014-04-10T12:24:33","date_gmt":"2014-04-10T10:24:33","guid":{"rendered":"http:\/\/www.urbar-obp.sk\/?page_id=6"},"modified":"2025-04-03T21:50:30","modified_gmt":"2025-04-03T19:50:30","slug":"vybor","status":"publish","type":"page","link":"https:\/\/www.urbar-obp.sk\/?page_id=6","title":{"rendered":"Org\u00e1ny spolo\u010denstva"},"content":{"rendered":"<h3><strong><em>V\u00fdbor pozemkov\u00e9ho spolo\u010denstva<\/em><\/strong><\/h3>\n<ul>\n<li><strong>Predseda :&nbsp;<\/strong> Du\u0161an Pav\u010do<\/li>\n<li><strong>Podpredseda:<\/strong> Ing. Du\u0161an \u0160tevek<\/li>\n<li><strong>Pokladn\u00edk: <\/strong>J\u00e1n Baranec<\/li>\n<li><strong>\u010clenovia:<br><\/strong>Peter Taba\u010d\u00e1k<br>Viliam Gibas<br>J\u00e1n Samard\u00e1k<br>Miroslav Hur\u0165\u00e1k<\/li>\n<\/ul>\n<h3><em><strong>Dozorn\u00e1 rada pozemkov\u00e9ho spolo\u010denstva<\/strong><\/em><\/h3>\n<ul>\n<li><strong>Predseda dozornej rady:<\/strong> Anton Teke\u013e<\/li>\n<li><strong>\u010clenovia dozornej rady:<br><\/strong>Pavol Mart\u00e1\u0148<br>Tom\u00e1\u0161 Hur\u0165\u00e1k<\/li>\n<\/ul>\n<p>&nbsp;<\/p>\n<ul>\n<li><strong>Odborn\u00fd lesn\u00fd hospod\u00e1r<\/strong>: Ing. Juraj Majer\u010d\u00e1k<\/li>\n<li><strong>Ekon\u00f3m:<\/strong> Ivana Kubalov\u00e1<\/li>\n<\/ul>\n\n","protected":false},"excerpt":{"rendered":"<p>V\u00fdbor pozemkov\u00e9ho spolo\u010denstva Predseda :&nbsp; Du\u0161an Pav\u010do Podpredseda: Ing. Du\u0161an \u0160tevek Pokladn\u00edk: J\u00e1n Baranec \u010clenovia:Peter Taba\u010d\u00e1kViliam GibasJ\u00e1n Samard\u00e1kMiroslav Hur\u0165\u00e1k Dozorn\u00e1 rada pozemkov\u00e9ho spolo\u010denstva Predseda dozornej rady: Anton Teke\u013e \u010clenovia dozornej rady:Pavol Mart\u00e1\u0148Tom\u00e1\u0161 Hur\u0165\u00e1k &nbsp; Odborn\u00fd lesn\u00fd hospod\u00e1r: Ing. Juraj Majer\u010d\u00e1k Ekon\u00f3m: Ivana Kubalov\u00e1<\/p>\n","protected":false},"author":1,"featured_media":0,"parent":0,"menu_order":1,"comment_status":"closed","ping_status":"closed","template":"","meta":{"ngg_post_thumbnail":0,"footnotes":""},"class_list":["post-6","page","type-page","status-publish","hentry","nodate","item-wrap"],"_links":{"self":[{"href":"https:\/\/www.urbar-obp.sk\/index.php?rest_route=\/wp\/v2\/pages\/6","targetHints":{"allow":["GET"]}}],"collection":[{"href":"https:\/\/www.urbar-obp.sk\/index.php?rest_route=\/wp\/v2\/pages"}],"about":[{"href":"https:\/\/www.urbar-obp.sk\/index.php?rest_route=\/wp\/v2\/types\/page"}],"author":[{"embeddable":true,"href":"https:\/\/www.urbar-obp.sk\/index.php?rest_route=\/wp\/v2\/users\/1"}],"replies":[{"embeddable":true,"href":"https:\/\/www.urbar-obp.sk\/index.php?rest_route=%2Fwp%2Fv2%2Fcomments&post=6"}],"version-history":[{"count":1,"href":"https:\/\/www.urbar-obp.sk\/index.php?rest_route=\/wp\/v2\/pages\/6\/revisions"}],"predecessor-version":[{"id":1863,"href":"https:\/\/www.urbar-obp.sk\/index.php?rest_route=\/wp\/v2\/pages\/6\/revisions\/1863"}],"wp:attachment":[{"href":"https:\/\/www.urbar-obp.sk\/index.php?rest_route=%2Fwp%2Fv2%2Fmedia&parent=6"}],"curies":[{"name":"wp","href":"https:\/\/api.w.org\/{rel}","templated":true}]}}