{"id":8,"date":"2014-04-10T12:25:12","date_gmt":"2014-04-10T10:25:12","guid":{"rendered":"http:\/\/www.urbar-obp.sk\/?page_id=8"},"modified":"2025-11-26T13:30:53","modified_gmt":"2025-11-26T11:30:53","slug":"kontakt","status":"publish","type":"page","link":"https:\/\/www.urbar-obp.sk\/?page_id=8","title":{"rendered":"Kontakt"},"content":{"rendered":"<h4><strong>Pozemkov\u00e9 Spolo\u010denstvo b\u00fdval\u00fdch urbarialistov obce Oravsk\u00fd Biely Potok<\/strong><\/h4>\n<p>027 42 Oravsk\u00fd Biely Potok<\/p>\n<p>telef\u00f3n: 0903 619 716,&nbsp; p\u00edla:&nbsp; 0902 688 302<\/p>\n<p>email:&nbsp; urbarobp@bsk.sk<\/p>\n<p>I\u010cO:&nbsp; 14224615<\/p>\n<p>DI\u010c:&nbsp; SK 2020424373<\/p>\n<p>&nbsp;<\/p>\n<h4><strong> Dozorn\u00e1 rada pozemkov\u00e9ho spolo\u010denstva<\/strong><\/h4>\n<p>telef\u00f3n: 0907 822 168<\/p>\n<p>email:&nbsp; dozorna@urbar-obp.sk<\/p>\n\n","protected":false},"excerpt":{"rendered":"<p>Pozemkov\u00e9 Spolo\u010denstvo b\u00fdval\u00fdch urbarialistov obce Oravsk\u00fd Biely Potok 027 42 Oravsk\u00fd Biely Potok telef\u00f3n: 0903 619 716,&nbsp; p\u00edla:&nbsp; 0902 688 302 email:&nbsp; urbarobp@bsk.sk I\u010cO:&nbsp; 14224615 DI\u010c:&nbsp; SK 2020424373 &nbsp; Dozorn\u00e1 rada pozemkov\u00e9ho spolo\u010denstva telef\u00f3n: 0907 822 168 email:&nbsp; dozorna@urbar-obp.sk<\/p>\n","protected":false},"author":1,"featured_media":0,"parent":0,"menu_order":6,"comment_status":"closed","ping_status":"closed","template":"","meta":{"ngg_post_thumbnail":0,"footnotes":""},"class_list":["post-8","page","type-page","status-publish","hentry","nodate","item-wrap"],"_links":{"self":[{"href":"https:\/\/www.urbar-obp.sk\/index.php?rest_route=\/wp\/v2\/pages\/8","targetHints":{"allow":["GET"]}}],"collection":[{"href":"https:\/\/www.urbar-obp.sk\/index.php?rest_route=\/wp\/v2\/pages"}],"about":[{"href":"https:\/\/www.urbar-obp.sk\/index.php?rest_route=\/wp\/v2\/types\/page"}],"author":[{"embeddable":true,"href":"https:\/\/www.urbar-obp.sk\/index.php?rest_route=\/wp\/v2\/users\/1"}],"replies":[{"embeddable":true,"href":"https:\/\/www.urbar-obp.sk\/index.php?rest_route=%2Fwp%2Fv2%2Fcomments&post=8"}],"version-history":[{"count":1,"href":"https:\/\/www.urbar-obp.sk\/index.php?rest_route=\/wp\/v2\/pages\/8\/revisions"}],"predecessor-version":[{"id":1925,"href":"https:\/\/www.urbar-obp.sk\/index.php?rest_route=\/wp\/v2\/pages\/8\/revisions\/1925"}],"wp:attachment":[{"href":"https:\/\/www.urbar-obp.sk\/index.php?rest_route=%2Fwp%2Fv2%2Fmedia&parent=8"}],"curies":[{"name":"wp","href":"https:\/\/api.w.org\/{rel}","templated":true}]}}